{"id":24,"date":"2015-06-11T21:54:36","date_gmt":"2015-06-11T20:54:36","guid":{"rendered":"https:\/\/drebrigitterochette.wordpress.com\/?page_id=24"},"modified":"2025-12-18T16:43:12","modified_gmt":"2025-12-18T15:43:12","slug":"contact","status":"publish","type":"page","link":"https:\/\/drebrigitterochette.com\/en\/contact\/","title":{"rendered":"Contact"},"content":{"rendered":"<p>        <script type=\"text\/javascript\">\n            google.maps.event.addDomListener(window, 'load', function () {\n                var map = new google.maps.Map(document.getElementById(\"srm_gmp_embed_1\"), {\n                    center: new google.maps.LatLng(),\n                    zoom:,\n                    mapTypeId: google.maps.MapTypeId.,\n                    scrollwheel: '1'\n                });\n\n                \/\/ To view directions form and data\n                                \/\/=========Direction view end\n\n                var marker = new google.maps.Marker({\n                    position: new google.maps.LatLng(),\n                    map: map,\n                    animation: google.maps.Animation.DROP\n                });\n                marker.setMap(map);\n                \n            });\n\n\n        <\/script>\n\n\n        <div id=\"srm_gmp_embed_1\"\n             style=\"width: !important;height:  !important;margin:5px 0; \">\n\n        <\/div>\n                <br \/>\n<span lang=\"en\">For any questions or inquiries , please contact me. It will be my pleasure to answer your questions.<\/span><\/p>\n<p><strong>**If this is an emergency, please contact your regular veterinarian or an emergency center such as Centre V\u00e9t\u00e9rinaire DMV or Centre V\u00e9t\u00e9rinaire Laval**<\/strong><\/p>\n<p>I am located at :<\/p>\n<div class=\"cards-text-truncate-and-wrap\">\n<p><strong>H\u00f4pital V\u00e9t\u00e9rinaire Le Gardeur<\/strong><br \/>\n<strong>413, Rue St Paul<\/strong><br \/>\n<strong>Repentigny, QC \u00a0J5Z 2H9<\/strong><\/p>\n<h2><span style=\"color: #e20026;\"><strong>450.585.1542<\/strong><\/span><\/h2>\n<div class=\"cards-text-truncate-and-wrap\">\n<p><strong>Clinique v\u00e9t\u00e9rinaire Truffe et cie inc.<\/strong><br \/>\n<strong>1356, Boul. Cur\u00e9-Labelle, local 232<\/strong><br \/>\n<strong>Blainville, QC\u00a0 J7C2P2<br \/>\n<\/strong><\/p>\n<h2><span style=\"color: #e20026;\"><strong>450.818.1981<\/strong><\/span><\/h2>\n<p><strong>Clinique v\u00e9t\u00e9rinaire Passionimo De la Pointe<\/strong><br \/>\n<strong>3453 rue Robert-Chevalier<\/strong><br \/>\n<strong>Montr\u00e9al, QC H1A3R7<\/strong><\/p>\n<h2><span style=\"color: #e20026;\"><strong>514.498.1600<\/strong><\/span><\/h2>\n<p><strong>Clinique v\u00e9t\u00e9rinaire Monkland<\/strong><br \/>\n<strong>6169, rue Monkland<\/strong><br \/>\n<strong>Montr\u00e9al, QC\u00a0 H4B1G3<br \/>\n<\/strong><\/p>\n<h2><span style=\"color: #e20026;\"><strong>514.483.4434<\/strong><\/span><\/h2>\n<\/div>\n<\/div>\n<p>&nbsp;<\/p>\n<p><strong>Dre Brigitte Rochette<\/strong><br \/>\n<strong> D.M.V., C.V.A.<\/strong><\/p>\n<h2><span style=\"color: #e20026;\"><strong>514.246.3645<\/strong><\/span><\/h2>\n<p style=\"text-align: left;\">facebook.com\/drebrigitterochette<br \/>\nwww.drebrigitterochette.com<br \/>\ndrebrigitterochette@gmail.com<\/p>\n<p>&nbsp;<\/p>\n<p>&nbsp;<\/p>\n<div role=\"form\" class=\"wpcf7\" id=\"wpcf7-f95-o1\" lang=\"fr-FR\" dir=\"ltr\">\n<div class=\"screen-reader-response\"><\/div>\n<form action=\"\/en\/wp-json\/wp\/v2\/pages\/24#wpcf7-f95-o1\" method=\"post\" class=\"wpcf7-form\" novalidate=\"novalidate\">\n<div style=\"display: none;\">\n<input type=\"hidden\" name=\"_wpcf7\" value=\"95\" \/>\n<input type=\"hidden\" name=\"_wpcf7_version\" value=\"4.3.1\" \/>\n<input type=\"hidden\" name=\"_wpcf7_locale\" value=\"fr_FR\" \/>\n<input type=\"hidden\" name=\"_wpcf7_unit_tag\" value=\"wpcf7-f95-o1\" \/>\n<input type=\"hidden\" name=\"_wpnonce\" value=\"6ae6c3537d\" \/>\n<\/div>\n<p>Your Name (required)<br \/>\n    <span class=\"wpcf7-form-control-wrap your-name\"><input type=\"text\" name=\"your-name\" value=\"\" size=\"40\" class=\"wpcf7-form-control wpcf7-text wpcf7-validates-as-required\" aria-required=\"true\" aria-invalid=\"false\" \/><\/span> <\/p>\n<p>Your Email (required)<br \/>\n    <span class=\"wpcf7-form-control-wrap your-email\"><input type=\"email\" name=\"your-email\" value=\"\" size=\"40\" class=\"wpcf7-form-control wpcf7-text wpcf7-email wpcf7-validates-as-required wpcf7-validates-as-email\" aria-required=\"true\" aria-invalid=\"false\" \/><\/span> <\/p>\n<p>Subject<br \/>\n    <span class=\"wpcf7-form-control-wrap your-subject\"><input type=\"text\" name=\"your-subject\" value=\"\" size=\"40\" class=\"wpcf7-form-control wpcf7-text\" aria-invalid=\"false\" \/><\/span> <\/p>\n<p>Your Message<br \/>\n    <span class=\"wpcf7-form-control-wrap your-message\"><textarea name=\"your-message\" cols=\"40\" rows=\"10\" class=\"wpcf7-form-control wpcf7-textarea\" aria-invalid=\"false\"><\/textarea><\/span> <\/p>\n<p>Enter the following characters: : <input type=\"hidden\" name=\"_wpcf7_captcha_challenge_captcha-1\" value=\"2858752738\" \/><img loading=\"lazy\" decoding=\"async\" class=\"wpcf7-form-control wpcf7-captchac wpcf7-captcha-captcha-1\" width=\"72\" height=\"24\" alt=\"captcha\" src=\"https:\/\/drebrigitterochette.com\/en\/wp-content\/uploads\/sites\/2\/wpcf7_captcha\/2858752738.png\" \/> <span class=\"wpcf7-form-control-wrap captcha-1\"><input type=\"text\" name=\"captcha-1\" value=\"\" size=\"4\" maxlength=\"4\" class=\"wpcf7-form-control wpcf7-captchar\" aria-invalid=\"false\" \/><\/span><\/p>\n<p><input type=\"submit\" value=\"Send\" class=\"wpcf7-form-control wpcf7-submit\" \/><\/p>\n<div class=\"wpcf7-response-output wpcf7-display-none\"><\/div><\/form><\/div>\n<p><img loading=\"lazy\" decoding=\"async\" class=\" wp-image-58 aligncenter\" src=\"https:\/\/drebrigitterochette.com\/en\/wp-content\/uploads\/sites\/2\/2015\/06\/gil_0087ret.jpg?w=300\" alt=\"GIL_0087RET\" width=\"601\" height=\"400\" srcset=\"https:\/\/drebrigitterochette.com\/en\/wp-content\/uploads\/sites\/2\/2015\/06\/gil_0087ret.jpg 3600w, https:\/\/drebrigitterochette.com\/en\/wp-content\/uploads\/sites\/2\/2015\/06\/gil_0087ret-300x200.jpg 300w, https:\/\/drebrigitterochette.com\/en\/wp-content\/uploads\/sites\/2\/2015\/06\/gil_0087ret-1024x683.jpg 1024w, https:\/\/drebrigitterochette.com\/en\/wp-content\/uploads\/sites\/2\/2015\/06\/gil_0087ret-570x380.jpg 570w\" sizes=\"auto, (max-width: 601px) 100vw, 601px\" \/><\/p>\n<p style=\"text-align: right;\"><div id=\"fb-root\"><\/div>\n\t\t\t\t\t<script>(function(d, s, id) {\n\t\t\t\t\t  var js, fjs = d.getElementsByTagName(s)[0];\n\t\t\t\t\t  if (d.getElementById(id)) return;\n\t\t\t\t\t  js = d.createElement(s); js.id = id;\n\t\t\t\t\t  js.src = \"\/\/connect.facebook.net\/en_EN\/all.js#xfbml=1&appId=395202813876688\";\n\t\t\t\t\t  fjs.parentNode.insertBefore(js, fjs);\n\t\t\t\t\t}(document, 'script', 'facebook-jssdk'));<\/script><div class=\"fb-page \" data-href=\"https:\/\/www.facebook.com\/drebrigitterochette\" data-hide-cover=\"true\" data-width=\"350\" data-height=\"\" data-show-facepile=false  data-show-posts=false data-adapt-container-width=true data-hide-cta=false data-small-header=\"false\"><\/div><\/p>\n","protected":false},"excerpt":{"rendered":"<p>For any questions or inquiries , please contact me. It will be my pleasure to answer your questions. **If this is an emergency, please contact your regular veterinarian or an emergency center such as Centre V\u00e9t\u00e9rinaire DMV or Centre V\u00e9t\u00e9rinaire Laval** I am located at : H\u00f4pital V\u00e9t\u00e9rinaire Le Gardeur 413, Rue St Paul Repentigny, &hellip; <a href=\"https:\/\/drebrigitterochette.com\/en\/contact\/\" class=\"more-link\">Continue reading <span class=\"screen-reader-text\">Contact<\/span><\/a><\/p>\n","protected":false},"author":1,"featured_media":47,"parent":0,"menu_order":4,"comment_status":"closed","ping_status":"closed","template":"page-templates\/grid-page.php","meta":{"footnotes":""},"class_list":["post-24","page","type-page","status-publish","has-post-thumbnail","hentry","with-featured-image"],"_links":{"self":[{"href":"https:\/\/drebrigitterochette.com\/en\/wp-json\/wp\/v2\/pages\/24","targetHints":{"allow":["GET"]}}],"collection":[{"href":"https:\/\/drebrigitterochette.com\/en\/wp-json\/wp\/v2\/pages"}],"about":[{"href":"https:\/\/drebrigitterochette.com\/en\/wp-json\/wp\/v2\/types\/page"}],"author":[{"embeddable":true,"href":"https:\/\/drebrigitterochette.com\/en\/wp-json\/wp\/v2\/users\/1"}],"replies":[{"embeddable":true,"href":"https:\/\/drebrigitterochette.com\/en\/wp-json\/wp\/v2\/comments?post=24"}],"version-history":[{"count":12,"href":"https:\/\/drebrigitterochette.com\/en\/wp-json\/wp\/v2\/pages\/24\/revisions"}],"predecessor-version":[{"id":138,"href":"https:\/\/drebrigitterochette.com\/en\/wp-json\/wp\/v2\/pages\/24\/revisions\/138"}],"wp:featuredmedia":[{"embeddable":true,"href":"https:\/\/drebrigitterochette.com\/en\/wp-json\/wp\/v2\/media\/47"}],"wp:attachment":[{"href":"https:\/\/drebrigitterochette.com\/en\/wp-json\/wp\/v2\/media?parent=24"}],"curies":[{"name":"wp","href":"https:\/\/api.w.org\/{rel}","templated":true}]}}