{"id":72,"date":"2015-06-11T19:05:02","date_gmt":"2015-06-11T18:05:02","guid":{"rendered":"http:\/\/drebrigitterochette.wordpress.com\/?page_id=1"},"modified":"2015-08-27T00:08:03","modified_gmt":"2015-08-26T23:08:03","slug":"about-us","status":"publish","type":"page","link":"https:\/\/drebrigitterochette.com\/en\/about-us\/","title":{"rendered":"About us"},"content":{"rendered":"<p>I graduated in veterinary medicine from the Facult\u00e9 de M\u00e9decine V\u00e9t\u00e9rinaire de St-Hyacinthe (Universit\u00e9 de Montr\u00e9al) in 1999. I have been practicing in small animals (cats and dogs) since then. I am certified in veterinary acupuncture from the Chi Institute of Traditional Chinese Veterinary Medicine in Florida, U.S.A. since 2015.<\/p>\n<p>I am a devoted and passionate veterinarian. I adore working with people as much as their pets. The well-being of animals is important to me and this is why I had decided to take an acupuncture course. I am always looking for new ways of improving the quality of life of our companion animals.<\/p>\n<p>&nbsp;<\/p>\n<p>&nbsp;<\/p>\n<p class=\"hide-if-no-js\">\n","protected":false},"excerpt":{"rendered":"<p>I graduated in veterinary medicine from the Facult\u00e9 de M\u00e9decine V\u00e9t\u00e9rinaire de St-Hyacinthe (Universit\u00e9 de Montr\u00e9al) in 1999. I have been practicing in small animals (cats and dogs) since then. I am certified in veterinary acupuncture from the Chi Institute of Traditional Chinese Veterinary Medicine in Florida, U.S.A. since 2015. I am a devoted and &hellip; <a href=\"https:\/\/drebrigitterochette.com\/en\/about-us\/\" class=\"more-link\">Continue reading <span class=\"screen-reader-text\">About us<\/span><\/a><\/p>\n","protected":false},"author":1,"featured_media":93,"parent":0,"menu_order":3,"comment_status":"closed","ping_status":"closed","template":"","meta":{"footnotes":""},"class_list":["post-72","page","type-page","status-publish","has-post-thumbnail","hentry","with-featured-image"],"_links":{"self":[{"href":"https:\/\/drebrigitterochette.com\/en\/wp-json\/wp\/v2\/pages\/72","targetHints":{"allow":["GET"]}}],"collection":[{"href":"https:\/\/drebrigitterochette.com\/en\/wp-json\/wp\/v2\/pages"}],"about":[{"href":"https:\/\/drebrigitterochette.com\/en\/wp-json\/wp\/v2\/types\/page"}],"author":[{"embeddable":true,"href":"https:\/\/drebrigitterochette.com\/en\/wp-json\/wp\/v2\/users\/1"}],"replies":[{"embeddable":true,"href":"https:\/\/drebrigitterochette.com\/en\/wp-json\/wp\/v2\/comments?post=72"}],"version-history":[{"count":3,"href":"https:\/\/drebrigitterochette.com\/en\/wp-json\/wp\/v2\/pages\/72\/revisions"}],"predecessor-version":[{"id":120,"href":"https:\/\/drebrigitterochette.com\/en\/wp-json\/wp\/v2\/pages\/72\/revisions\/120"}],"wp:featuredmedia":[{"embeddable":true,"href":"https:\/\/drebrigitterochette.com\/en\/wp-json\/wp\/v2\/media\/93"}],"wp:attachment":[{"href":"https:\/\/drebrigitterochette.com\/en\/wp-json\/wp\/v2\/media?parent=72"}],"curies":[{"name":"wp","href":"https:\/\/api.w.org\/{rel}","templated":true}]}}